{"id":232,"date":"2023-12-05T13:27:39","date_gmt":"2023-12-05T12:27:39","guid":{"rendered":"https:\/\/groupey-foreigndesk.fr\/?page_id=232"},"modified":"2024-06-28T16:45:30","modified_gmt":"2024-06-28T14:45:30","slug":"legal-notice","status":"publish","type":"page","link":"https:\/\/groupey-foreigndesk.fr\/en\/legal-notice\/","title":{"rendered":"Legal notice"},"content":{"rendered":"<div  class=\"tatsu-HkquMtkv6 tatsu-section  tatsu-bg-overlay   tatsu-clearfix\" data-title=\"\"  data-headerscheme=\"background--dark\"><div class='tatsu-section-pad clearfix' data-padding='{\"d\":\"90px 0px 90px 0px\"}' data-padding-top='90px'><div class=\"tatsu-row-wrap  tatsu-wrap tatsu-row-one-col tatsu-row-has-one-cols tatsu-medium-gutter tatsu-reg-cols  tatsu-clearfix tatsu-Bkxq_GtyDp\" ><div  class=\"tatsu-row \" ><div  class=\"tatsu-column  tatsu-bg-overlay tatsu-one-col tatsu-column-image-none tatsu-column-effect-none  tatsu-SyZc_MKkwa\"  data-parallax-speed=\"0\" style=\"\"><div class=\"tatsu-column-inner \" ><div class=\"tatsu-column-pad-wrap\"><div class=\"tatsu-column-pad\" ><div  class=\"tatsu-module tatsu-text-block-wrap tatsu-rkM9dGF1D6  \"><div class=\"tatsu-text-inner tatsu-align-center  clearfix\" ><style>.tatsu-rkM9dGF1D6.tatsu-text-block-wrap .tatsu-text-inner{width: 100%;text-align: left;}<\/style>\n<h1 style=\"text-align: center;\"><span style=\"color: #ffffff;\">Legal notice<\/span><\/h1>\n<\/div><\/div><div  class=\"tatsu-module tatsu-normal-button tatsu-button-wrap align-block block-center  tatsu-rym5dzKyv6   \"><a class=\"tatsu-shortcode mediumbtn tatsu-button left-icon    bg-animation-none  \" href=\"https:\/\/groupey-foreigndesk.fr\/en\/\" style= \"\"  aria-label=\"come back to homepage\" data-gdpr-atts={} >come back to homepage<\/a><style>.tatsu-rym5dzKyv6 .tatsu-button{background-color: rgba(255,255,255,0.15);color: rgba(255,255,255,1) ;border-width: 1px;border-color: rgba(255,255,255,1); }.tatsu-rym5dzKyv6 .tatsu-button:hover{background-color: rgba(255,255,255,1);color: rgba(0,0,0,1) ;}<\/style><\/div><\/div><\/div><div class = \"tatsu-column-bg-image-wrap\"><div class = \"tatsu-column-bg-image\" ><\/div><\/div><div class=\"tatsu-overlay tatsu-column-overlay tatsu-animate-none\" ><\/div><\/div><style>.tatsu-row > .tatsu-SyZc_MKkwa.tatsu-column{width: 100%;}.tatsu-SyZc_MKkwa.tatsu-column > .tatsu-column-inner > .tatsu-column-overlay{mix-blend-mode: normal;}.tatsu-SyZc_MKkwa > .tatsu-column-inner > .tatsu-top-divider{z-index: 9999;}.tatsu-SyZc_MKkwa > .tatsu-column-inner > .tatsu-bottom-divider{z-index: 9999;}.tatsu-SyZc_MKkwa > .tatsu-column-inner > .tatsu-left-divider{z-index: 9999;}.tatsu-SyZc_MKkwa > .tatsu-column-inner > .tatsu-right-divider{z-index: 9999;}@media only screen and (max-width:1377px) {.tatsu-row > .tatsu-SyZc_MKkwa.tatsu-column{width: 100%;}}@media only screen and (min-width:768px) and (max-width: 1024px) {.tatsu-row > .tatsu-SyZc_MKkwa.tatsu-column{width: 100%;}}@media only screen and (max-width: 767px) {.tatsu-row > .tatsu-SyZc_MKkwa.tatsu-column{width: 100%;}}<\/style><\/div><\/div><\/div><\/div><div class=\"tatsu-section-background-wrap\"><div class = \"tatsu-section-background\" ><\/div><\/div><div class=\"tatsu-overlay tatsu-section-overlay\"><\/div><style>.tatsu-HkquMtkv6 .tatsu-section-background{background-image: url(https:\/\/groupey-foreigndesk.fr\/en\/wp-content\/uploads\/sites\/2\/2023\/12\/BG_Top.webp);background-repeat: no-repeat;background-attachment: scroll;background-position: center center;background-size: cover;}.tatsu-HkquMtkv6 .tatsu-bg-blur{background-repeat: no-repeat;background-attachment: scroll;background-position: center center;background-size: cover;}.tatsu-HkquMtkv6 .tatsu-section-pad{padding: 90px 0px 90px 0px;}.tatsu-HkquMtkv6 .tatsu-section-offset-wrap{transform: translateY(-0px);}.tatsu-HkquMtkv6 > .tatsu-bottom-divider{z-index: 9999;}.tatsu-HkquMtkv6 > .tatsu-top-divider{z-index: 9999;}.tatsu-HkquMtkv6 .tatsu-section-overlay{background: rgba(0,0,0,0.3);mix-blend-mode: normal;}<\/style><\/div><div  class=\"tatsu-ryZrTFIiST tatsu-section  tatsu-bg-overlay   tatsu-clearfix\" data-title=\"\"  data-headerscheme=\"background--dark\"><div class='tatsu-section-pad clearfix' data-padding='{\"d\":\"90px 0px 90px 0px\"}' data-padding-top='90px'><div class=\"tatsu-row-wrap  tatsu-wrap tatsu-row-one-col tatsu-row-has-one-cols tatsu-medium-gutter tatsu-reg-cols  tatsu-clearfix tatsu-ryxSTtLiSa\" ><div  class=\"tatsu-row \" ><div  class=\"tatsu-column  tatsu-bg-overlay tatsu-one-col tatsu-column-image-none tatsu-column-effect-none  tatsu-Skrat8iHp\"  data-parallax-speed=\"0\" style=\"\"><div class=\"tatsu-column-inner \" ><div class=\"tatsu-column-pad-wrap\"><div class=\"tatsu-column-pad\" ><div  class=\"tatsu-module tatsu-text-block-wrap tatsu-S1KpY8oHT  \"><div class=\"tatsu-text-inner tatsu-align-center  clearfix\" ><style>.tatsu-S1KpY8oHT.tatsu-text-block-wrap .tatsu-text-inner{width: 100%;text-align: left;}<\/style>\n<h3>1. Presentation of the site.<\/h3>\n<p>Pursuant to Article 6 of Law No. 2004-575 of 21 June 2004 on confidence in the digital economy, users of the Groupe Y &#8211; Foreign Desk website are informed of the identity of the various parties involved in its creation and monitoring: <strong> Owner:<\/strong> Soci\u00e9t\u00e9 Groupe Y Management &#8211; 53 rue des Marais RCS 18421 &#8211; 79024 NIORT Cedex <strong>Creator:<\/strong> <a href=\"https:\/\/groupey-foreigndesk.fr\/en\/\">Groupe Y &#8211; Foreign Desk<\/a> <strong>Publication manager:<\/strong> <a href=\"https:\/\/groupey-foreigndesk.fr\/en\/\">Groupe Y &#8211; Foreign Desk<\/a> The publication manager is an individual or a legal entity. <strong>Webmaster:<\/strong> <a href=\"mailto:amarkina@groupey.fr\">Ms Anastasiia Markina<\/a> <strong>Host:<\/strong> GANDI SAS &#8211; 63-65 boulevard Massena &#8211; Paris (75013) FRANCE<\/p>\n<h3>2. General conditions of use of the site and the services offered.<\/h3>\n<p>Use of the <a href=\"https:\/\/groupey-foreigndesk.fr\/en\/\">Groupe Y &#8211; Foreign Desk<\/a> website implies full acceptance of the general conditions of use described below. These conditions of use may be modified or supplemented at any time, and users of the<a href=\"https:\/\/groupey-foreigndesk.fr\/en\/\"> Groupe Y &#8211; Foreign Desk<\/a> site are therefore invited to consult them regularly. This site is normally accessible to users at all times. However, Groupe Y Management may decide to interrupt the site for technical maintenance purposes, in which case it will endeavour to inform users of the dates and times of the intervention in advance.<\/p>\n<h3>3. Description of services provided.<\/h3>\n<p>The purpose of the <a href=\"https:\/\/groupey-foreigndesk.fr\/en\/\">Groupe Y &#8211; Foreign Desk<\/a> website is to provide information concerning all of the Groupe Y&#8217;s\u00a0 activities. Soci\u00e9t\u00e9 Groupe Y Management endeavours to provide information on the <a href=\"https:\/\/groupey-foreigndesk.fr\/en\/\">Groupe Y &#8211; Foreign Desk<\/a> website that is as accurate as possible. However, it may not be held responsible for omissions, inaccuracies or failures to update information, whether these are its fault or the fault of third-party partners who provide this information. All information provided on the <a href=\"https:\/\/groupey-foreigndesk.fr\/en\/\">Groupe Y &#8211; Foreign Desk<\/a> website is given for information purposes only and is subject to change. Furthermore, the information contained on the <a href=\"https:\/\/groupey-foreigndesk.fr\/en\/\">Groupe Y &#8211; Foreign Desk<\/a> website is not exhaustive. It is given subject to modifications having been made since it was put online.<\/p>\n<h3>4. Contractual limitations on technical data.<\/h3>\n<p>The website cannot be held responsible for any material damage linked to the use of the site. In addition, the user of the site undertakes to access the site using recent, virus-free equipment with an up-to-date, latest-generation browser.<\/p>\n<h3>5. Intellectual property and counterfeiting.<\/h3>\n<p>Groupe Y Management is the owner of the intellectual property rights or holds the rights of use on all the elements accessible on the site, in particular the texts, images, graphics, logos, icons, sounds and software. Any reproduction, representation, modification, publication, adaptation of all or part of the elements of the site, whatever the means or process used, is prohibited, except with the prior written authorisation of : Groupe Y Management. Any unauthorised use of the site or of any of the elements it contains will be considered as constituting an infringement and will be prosecuted in accordance with the provisions of articles L.335-2 et seq. of the French Intellectual Property Code.<\/p>\n<h3>6. Limitations of liability.<\/h3>\n<p>Groupe Y Management may not be held liable for direct or indirect damage caused to the user&#8217;s equipment when accessing the groupey-foreigndesk.fr website, resulting either from the use of equipment that does not meet the specifications indicated in point 4, or from the appearance of a bug or incompatibility. Groupe Y Management may also not be held liable for indirect damage (such as loss of market or loss of opportunity) resulting from the use of the <a href=\"https:\/\/groupey-foreigndesk.fr\/en\/\">Groupe Y &#8211; Foreign Desk<\/a> website. Interactive areas (possibility to ask questions in the contact area) are available to users. Soci\u00e9t\u00e9 Groupe Y Management reserves the right to delete, without prior notice, any content posted in this area which contravenes the legislation applicable in France, in particular the provisions relating to data protection. Where applicable, Soci\u00e9t\u00e9 Groupe Y Management also reserves the right to hold the user civilly and\/or criminally liable, particularly in the event of messages of a racist, insulting, defamatory or pornographic nature, whatever the medium used (text, photographs, etc.).<\/p>\n<h3>7. Hypertext links and cookies.<\/h3>\n<p>The <a href=\"https:\/\/groupey-foreigndesk.fr\/en\/\">Groupe Y &#8211; Foreign Desk<\/a> website contains a number of hypertext links to other websites, set up with the authorisation of Soci\u00e9t\u00e9 Groupe Y Management. However, Soci\u00e9t\u00e9 Groupe Y Management is not in a position to check the content of sites visited in this way, and consequently accepts no liability in this respect. Browsing the <a href=\"https:\/\/groupey-foreigndesk.fr\/en\/\">Groupe Y &#8211; Foreign Desk<\/a> website may result in the installation of cookie(s) on the user&#8217;s computer. A cookie is a small file which does not allow the user to be identified, but which records information relating to the browsing of a computer on a site. The data obtained in this way is intended to facilitate subsequent browsing of the site and is also used to measure visitor numbers. Refusal to install a cookie may make it impossible to access certain services. However, users can configure their computer as follows to refuse the installation of cookies: In Internet Explorer: Tools tab (wheel-shaped icon at top right) \/ Internet options. Click on Confidentiality and choose Block all cookies. Confirm with Ok. Firefox: at the top of the browser window, click on the Firefox button, then go to the Options tab. Click on the Privacy tab. Set the Retention Rules to: use personalised settings for history. Finally, uncheck it to deactivate cookies. On Safari: Click on the menu icon (symbolised by a cog) in the top right-hand corner of the browser. Select Settings. Click on Show advanced settings. In the &#8220;Confidentiality&#8221; section, click on &#8220;Content settings&#8221;. In the &#8220;Cookies&#8221; section, you can block cookies. In Chrome: Click on the menu icon (symbolised by three horizontal lines) in the top right-hand corner of the browser. Select Settings. Click on Show advanced settings. In the &#8220;Confidentiality&#8221; section, click on preferences. In the &#8220;Confidentiality&#8221; tab, you can block cookies.<\/p>\n<h3>8. Applicable law and jurisdiction.<\/h3>\n<p>Any dispute relating to the use of the <a href=\"https:\/\/groupey-foreigndesk.fr\/en\/\">Groupe Y &#8211; Foreign Desk<\/a> website is subject to French law. Exclusive jurisdiction is granted to the competent courts of Paris.<\/p>\n<h3>9. The main laws concerned.<\/h3>\n<p>Law no. 78-17 of 6 January 1978, as amended by Law no. 2004-801 of 6 August 2004 on data processing, data files and individual liberties. Law no. 2004-575 of 21 June 2004 on confidence in the digital economy.<\/p>\n<h3>10. Glossary.<\/h3>\n<p>User: Internet user connecting to and using the aforementioned site. Personal information: &#8220;information which enables, in any form whatsoever, directly or indirectly, the identification of the natural persons to whom it applies&#8221; (article 4 of law no. 78-17 of 6 January 1978).<\/p>\n<\/div><\/div><\/div><\/div><div class = \"tatsu-column-bg-image-wrap\"><div class = \"tatsu-column-bg-image\" ><\/div><\/div><div class=\"tatsu-overlay tatsu-column-overlay tatsu-animate-none\" ><\/div><\/div><style>.tatsu-row > .tatsu-Skrat8iHp.tatsu-column{width: 100%;}.tatsu-Skrat8iHp.tatsu-column > .tatsu-column-inner > .tatsu-column-overlay{mix-blend-mode: normal;}.tatsu-Skrat8iHp > .tatsu-column-inner > .tatsu-top-divider{z-index: 9999;}.tatsu-Skrat8iHp > .tatsu-column-inner > .tatsu-bottom-divider{z-index: 9999;}.tatsu-Skrat8iHp > .tatsu-column-inner > .tatsu-left-divider{z-index: 9999;}.tatsu-Skrat8iHp > .tatsu-column-inner > .tatsu-right-divider{z-index: 9999;}@media only screen and (max-width:1377px) {.tatsu-row > .tatsu-Skrat8iHp.tatsu-column{width: 100%;}}@media only screen and (min-width:768px) and (max-width: 1024px) {.tatsu-row > .tatsu-Skrat8iHp.tatsu-column{width: 100%;}}@media only screen and (max-width: 767px) {.tatsu-row > .tatsu-Skrat8iHp.tatsu-column{width: 100%;}}<\/style><\/div><\/div><\/div><\/div><div class=\"tatsu-section-background-wrap\"><div class = \"tatsu-section-background\" ><\/div><\/div><div class=\"tatsu-overlay tatsu-section-overlay\"><\/div><style>.tatsu-ryZrTFIiST .tatsu-section-pad{padding: 90px 0px 90px 0px;}.tatsu-ryZrTFIiST .tatsu-section-offset-wrap{transform: translateY(-0px);}.tatsu-ryZrTFIiST > .tatsu-bottom-divider{z-index: 9999;}.tatsu-ryZrTFIiST > .tatsu-top-divider{z-index: 9999;}.tatsu-ryZrTFIiST .tatsu-section-overlay{mix-blend-mode: normal;}<\/style><\/div>\n","protected":false},"excerpt":{"rendered":"<p><a href=\"https:\/\/groupey-foreigndesk.fr\/en\/legal-notice\/\" class=\"more-link style1-button\">Read More<\/a><\/p>","protected":false},"author":1,"featured_media":0,"parent":0,"menu_order":0,"comment_status":"closed","ping_status":"closed","template":"","meta":{"footnotes":""},"class_list":["post-232","page","type-page","status-publish","hentry"],"yoast_head":"<!-- This site is optimized with the Yoast SEO plugin v27.5 - https:\/\/yoast.com\/product\/yoast-seo-wordpress\/ -->\n<title>Legal notices - Foreign Desk - Groupe Y<\/title>\n<meta name=\"description\" content=\"Consult our legal notices specializing in supporting foreign companies in France.\" \/>\n<meta name=\"robots\" content=\"index, follow, max-snippet:-1, max-image-preview:large, max-video-preview:-1\" \/>\n<link rel=\"canonical\" href=\"https:\/\/groupey-foreigndesk.fr\/en\/legal-notice\/\" \/>\n<meta property=\"og:locale\" content=\"en_GB\" \/>\n<meta property=\"og:type\" content=\"article\" \/>\n<meta property=\"og:title\" content=\"Legal notices - Foreign Desk - Groupe Y\" \/>\n<meta property=\"og:description\" content=\"Consult our legal notices specializing in supporting foreign companies in France.\" \/>\n<meta property=\"og:url\" content=\"https:\/\/groupey-foreigndesk.fr\/en\/legal-notice\/\" \/>\n<meta property=\"og:site_name\" content=\"Foreign Desk En\" \/>\n<meta property=\"article:publisher\" content=\"https:\/\/www.facebook.com\/groupey\/\" \/>\n<meta property=\"article:modified_time\" content=\"2024-06-28T14:45:30+00:00\" \/>\n<meta name=\"twitter:card\" content=\"summary_large_image\" \/>\n<meta name=\"twitter:site\" content=\"@expertgroupey\" \/>\n<meta name=\"twitter:label1\" content=\"Estimated reading time\" \/>\n\t<meta name=\"twitter:data1\" content=\"8 minutes\" \/>\n<script type=\"application\/ld+json\" class=\"yoast-schema-graph\">{\"@context\":\"https:\\\/\\\/schema.org\",\"@graph\":[{\"@type\":\"WebPage\",\"@id\":\"https:\\\/\\\/groupey-foreigndesk.fr\\\/en\\\/legal-notice\\\/\",\"url\":\"https:\\\/\\\/groupey-foreigndesk.fr\\\/en\\\/legal-notice\\\/\",\"name\":\"Legal notices - Foreign Desk - Groupe Y\",\"isPartOf\":{\"@id\":\"https:\\\/\\\/groupey-foreigndesk.fr\\\/en\\\/#website\"},\"datePublished\":\"2023-12-05T12:27:39+00:00\",\"dateModified\":\"2024-06-28T14:45:30+00:00\",\"description\":\"Consult our legal notices specializing in supporting foreign companies in France.\",\"breadcrumb\":{\"@id\":\"https:\\\/\\\/groupey-foreigndesk.fr\\\/en\\\/legal-notice\\\/#breadcrumb\"},\"inLanguage\":\"en-GB\",\"potentialAction\":[{\"@type\":\"ReadAction\",\"target\":[\"https:\\\/\\\/groupey-foreigndesk.fr\\\/en\\\/legal-notice\\\/\"]}]},{\"@type\":\"BreadcrumbList\",\"@id\":\"https:\\\/\\\/groupey-foreigndesk.fr\\\/en\\\/legal-notice\\\/#breadcrumb\",\"itemListElement\":[{\"@type\":\"ListItem\",\"position\":1,\"name\":\"Accueil\",\"item\":\"https:\\\/\\\/groupey-foreigndesk.fr\\\/en\\\/\"},{\"@type\":\"ListItem\",\"position\":2,\"name\":\"Legal notice\"}]},{\"@type\":\"WebSite\",\"@id\":\"https:\\\/\\\/groupey-foreigndesk.fr\\\/en\\\/#website\",\"url\":\"https:\\\/\\\/groupey-foreigndesk.fr\\\/en\\\/\",\"name\":\"Foreign Desk En\",\"description\":\"\",\"publisher\":{\"@id\":\"https:\\\/\\\/groupey-foreigndesk.fr\\\/en\\\/#organization\"},\"potentialAction\":[{\"@type\":\"SearchAction\",\"target\":{\"@type\":\"EntryPoint\",\"urlTemplate\":\"https:\\\/\\\/groupey-foreigndesk.fr\\\/en\\\/?s={search_term_string}\"},\"query-input\":{\"@type\":\"PropertyValueSpecification\",\"valueRequired\":true,\"valueName\":\"search_term_string\"}}],\"inLanguage\":\"en-GB\"},{\"@type\":\"Organization\",\"@id\":\"https:\\\/\\\/groupey-foreigndesk.fr\\\/en\\\/#organization\",\"name\":\"Foreign Desk En\",\"url\":\"https:\\\/\\\/groupey-foreigndesk.fr\\\/en\\\/\",\"logo\":{\"@type\":\"ImageObject\",\"inLanguage\":\"en-GB\",\"@id\":\"https:\\\/\\\/groupey-foreigndesk.fr\\\/en\\\/#\\\/schema\\\/logo\\\/image\\\/\",\"url\":\"https:\\\/\\\/groupey-foreigndesk.fr\\\/en\\\/wp-content\\\/uploads\\\/sites\\\/2\\\/2023\\\/12\\\/Groupe-Y-Nexia-1-scaled-1.webp\",\"contentUrl\":\"https:\\\/\\\/groupey-foreigndesk.fr\\\/en\\\/wp-content\\\/uploads\\\/sites\\\/2\\\/2023\\\/12\\\/Groupe-Y-Nexia-1-scaled-1.webp\",\"width\":2560,\"height\":910,\"caption\":\"Foreign Desk En\"},\"image\":{\"@id\":\"https:\\\/\\\/groupey-foreigndesk.fr\\\/en\\\/#\\\/schema\\\/logo\\\/image\\\/\"},\"sameAs\":[\"https:\\\/\\\/www.facebook.com\\\/groupey\\\/\",\"https:\\\/\\\/x.com\\\/expertgroupey\",\"https:\\\/\\\/fr.linkedin.com\\\/company\\\/groupe-y\"]}]}<\/script>\n<!-- \/ Yoast SEO plugin. -->","yoast_head_json":{"title":"Legal notices - Foreign Desk - Groupe Y","description":"Consult our legal notices specializing in supporting foreign companies in France.","robots":{"index":"index","follow":"follow","max-snippet":"max-snippet:-1","max-image-preview":"max-image-preview:large","max-video-preview":"max-video-preview:-1"},"canonical":"https:\/\/groupey-foreigndesk.fr\/en\/legal-notice\/","og_locale":"en_GB","og_type":"article","og_title":"Legal notices - Foreign Desk - Groupe Y","og_description":"Consult our legal notices specializing in supporting foreign companies in France.","og_url":"https:\/\/groupey-foreigndesk.fr\/en\/legal-notice\/","og_site_name":"Foreign Desk En","article_publisher":"https:\/\/www.facebook.com\/groupey\/","article_modified_time":"2024-06-28T14:45:30+00:00","twitter_card":"summary_large_image","twitter_site":"@expertgroupey","twitter_misc":{"Estimated reading time":"8 minutes"},"schema":{"@context":"https:\/\/schema.org","@graph":[{"@type":"WebPage","@id":"https:\/\/groupey-foreigndesk.fr\/en\/legal-notice\/","url":"https:\/\/groupey-foreigndesk.fr\/en\/legal-notice\/","name":"Legal notices - Foreign Desk - Groupe Y","isPartOf":{"@id":"https:\/\/groupey-foreigndesk.fr\/en\/#website"},"datePublished":"2023-12-05T12:27:39+00:00","dateModified":"2024-06-28T14:45:30+00:00","description":"Consult our legal notices specializing in supporting foreign companies in France.","breadcrumb":{"@id":"https:\/\/groupey-foreigndesk.fr\/en\/legal-notice\/#breadcrumb"},"inLanguage":"en-GB","potentialAction":[{"@type":"ReadAction","target":["https:\/\/groupey-foreigndesk.fr\/en\/legal-notice\/"]}]},{"@type":"BreadcrumbList","@id":"https:\/\/groupey-foreigndesk.fr\/en\/legal-notice\/#breadcrumb","itemListElement":[{"@type":"ListItem","position":1,"name":"Accueil","item":"https:\/\/groupey-foreigndesk.fr\/en\/"},{"@type":"ListItem","position":2,"name":"Legal notice"}]},{"@type":"WebSite","@id":"https:\/\/groupey-foreigndesk.fr\/en\/#website","url":"https:\/\/groupey-foreigndesk.fr\/en\/","name":"Foreign Desk En","description":"","publisher":{"@id":"https:\/\/groupey-foreigndesk.fr\/en\/#organization"},"potentialAction":[{"@type":"SearchAction","target":{"@type":"EntryPoint","urlTemplate":"https:\/\/groupey-foreigndesk.fr\/en\/?s={search_term_string}"},"query-input":{"@type":"PropertyValueSpecification","valueRequired":true,"valueName":"search_term_string"}}],"inLanguage":"en-GB"},{"@type":"Organization","@id":"https:\/\/groupey-foreigndesk.fr\/en\/#organization","name":"Foreign Desk En","url":"https:\/\/groupey-foreigndesk.fr\/en\/","logo":{"@type":"ImageObject","inLanguage":"en-GB","@id":"https:\/\/groupey-foreigndesk.fr\/en\/#\/schema\/logo\/image\/","url":"https:\/\/groupey-foreigndesk.fr\/en\/wp-content\/uploads\/sites\/2\/2023\/12\/Groupe-Y-Nexia-1-scaled-1.webp","contentUrl":"https:\/\/groupey-foreigndesk.fr\/en\/wp-content\/uploads\/sites\/2\/2023\/12\/Groupe-Y-Nexia-1-scaled-1.webp","width":2560,"height":910,"caption":"Foreign Desk En"},"image":{"@id":"https:\/\/groupey-foreigndesk.fr\/en\/#\/schema\/logo\/image\/"},"sameAs":["https:\/\/www.facebook.com\/groupey\/","https:\/\/x.com\/expertgroupey","https:\/\/fr.linkedin.com\/company\/groupe-y"]}]}},"_links":{"self":[{"href":"https:\/\/groupey-foreigndesk.fr\/en\/wp-json\/wp\/v2\/pages\/232","targetHints":{"allow":["GET"]}}],"collection":[{"href":"https:\/\/groupey-foreigndesk.fr\/en\/wp-json\/wp\/v2\/pages"}],"about":[{"href":"https:\/\/groupey-foreigndesk.fr\/en\/wp-json\/wp\/v2\/types\/page"}],"author":[{"embeddable":true,"href":"https:\/\/groupey-foreigndesk.fr\/en\/wp-json\/wp\/v2\/users\/1"}],"replies":[{"embeddable":true,"href":"https:\/\/groupey-foreigndesk.fr\/en\/wp-json\/wp\/v2\/comments?post=232"}],"version-history":[{"count":5,"href":"https:\/\/groupey-foreigndesk.fr\/en\/wp-json\/wp\/v2\/pages\/232\/revisions"}],"predecessor-version":[{"id":294,"href":"https:\/\/groupey-foreigndesk.fr\/en\/wp-json\/wp\/v2\/pages\/232\/revisions\/294"}],"wp:attachment":[{"href":"https:\/\/groupey-foreigndesk.fr\/en\/wp-json\/wp\/v2\/media?parent=232"}],"curies":[{"name":"wp","href":"https:\/\/api.w.org\/{rel}","templated":true}]}}